{"id":11068,"date":"2022-11-07T19:40:07","date_gmt":"2022-11-07T17:40:07","guid":{"rendered":"https:\/\/www.planb-event.com\/?page_id=11068"},"modified":"2023-10-20T08:50:11","modified_gmt":"2023-10-20T06:50:11","slug":"contact","status":"publish","type":"page","link":"https:\/\/www.planb-event.com\/en\/contact\/","title":{"rendered":"Contact"},"content":{"rendered":"\n<style type=\"text\/css\" data-created_by=\"avia_inline_auto\" id=\"style-css-av-gv7l3z0-bd1feb275076846cb62e8094240707f4\">\n.avia-section.av-gv7l3z0-bd1feb275076846cb62e8094240707f4{\nbackground-repeat:no-repeat;\nbackground-image:url(https:\/\/www.planb-event.com\/wp-content\/uploads\/2022\/07\/Morgengluehen.jpg);\nbackground-position:50% 100%;\nbackground-attachment:scroll;\n}\n<\/style>\n<div id='av_section_1'  class='avia-section av-gv7l3z0-bd1feb275076846cb62e8094240707f4 main_color avia-section-default avia-no-border-styling  avia-builder-el-0  el_before_av_section  avia-builder-el-first  avia-full-stretch avia-bg-style-scroll av-minimum-height av-minimum-height-40  container_wrap sidebar_right'  data-section-bg-repeat='stretch' data-av_minimum_height_pc='40'><div class='container av-section-cont-open' ><main  role=\"main\" itemprop=\"mainContentOfPage\"  class='template-page content  av-content-small alpha units'><div class='post-entry post-entry-type-page post-entry-11068'><div class='entry-content-wrapper clearfix'>\n<\/div><\/div><\/main><!-- close content main element --><\/div><\/div><div id='av_section_2'  class='avia-section av-gei9azg-fce9620f50fc419e528b0fc1e1914ee8 main_color avia-section-large avia-no-border-styling  avia-builder-el-1  el_after_av_section  el_before_av_section  avia-bg-style-scroll container_wrap sidebar_right'  ><div class='container av-section-cont-open' ><div class='template-page content  av-content-small alpha units'><div class='post-entry post-entry-type-page post-entry-11068'><div class='entry-content-wrapper clearfix'>\n<div class='flex_column av-fplg2gs-8e691d8ec16429e8441446860e9b92e8 av_one_full  avia-builder-el-2  el_before_av_two_fifth  avia-builder-el-first  first flex_column_div '   ><section  class='av_textblock_section av-fciomfw-2b4acd6c560ddd94af88e74b8d4a489a'  itemscope=\"itemscope\" itemtype=\"https:\/\/schema.org\/CreativeWork\" ><div class='avia_textblock'  itemprop=\"text\" ><h2>Contact<\/h2>\n<\/div><\/section><br \/>\n\n<style type=\"text\/css\" data-created_by=\"avia_inline_auto\" id=\"style-css-av-eyrmoxo-c6ab21f1f28b3140d1327669c6305a5f\">\n#top .hr.hr-invisible.av-eyrmoxo-c6ab21f1f28b3140d1327669c6305a5f{\nheight:50px;\n}\n<\/style>\n<div  class='hr av-eyrmoxo-c6ab21f1f28b3140d1327669c6305a5f hr-invisible  avia-builder-el-4  el_after_av_textblock  avia-builder-el-last '><span class='hr-inner '><span class=\"hr-inner-style\"><\/span><\/span><\/div><\/p><\/div><div class='flex_column av-1fl1di4-02e1bb49873ee98904aa6cd4abd65702 av_two_fifth  avia-builder-el-5  el_after_av_one_full  el_before_av_three_fifth  first flex_column_div column-top-margin'   ><section  class='av_textblock_section av-e4h0v0c-7194b66b100a72e7a32bf3b377f3d9dc'  itemscope=\"itemscope\" itemtype=\"https:\/\/schema.org\/CreativeWork\" ><div class='avia_textblock'  itemprop=\"text\" ><p><strong>PLAN B event company GmbH<\/strong><br \/>\nM\u00fchlweg 1b<br \/>\nD-82054 Sauerlach<\/p>\n<p>Phone: +49 (0) 8104 8880 226<br \/>\nMail: <a href=\"mailto:info@planb-event.com\">info@planb-event.com<\/a><\/p>\n<\/div><\/section><\/div><div class='flex_column av-dpl8vq4-b3078e7de5a45b5c873461e29e95b4b5 av_three_fifth  avia-builder-el-7  el_after_av_two_fifth  avia-builder-el-last  flex_column_div column-top-margin'   ><form action=\"https:\/\/www.planb-event.com\/en\/contact\/\" method=\"post\"  class=\"avia_ajax_form av-form-labels-visible   avia-builder-el-8  avia-builder-el-no-sibling   \" data-avia-form-id=\"1\" data-avia-redirect='' ><h3 class=''>Form<\/h3><fieldset><p class='  first_form  form_element form_fullwidth' id='element_avia_1_1'><label for=\"avia_1_1\">Name <abbr class=\"required\" title=\"required\">*<\/abbr><\/label> <input name=\"avia_1_1\" class=\"text_input is_empty\" type=\"text\" id=\"avia_1_1\" value=\"\" \/><\/p><p class='  first_form  form_element form_fullwidth' id='element_avia_2_1'><label for=\"avia_2_1\">E-Mail <abbr class=\"required\" title=\"required\">*<\/abbr><\/label> <input name=\"avia_2_1\" class=\"text_input is_email\" type=\"text\" id=\"avia_2_1\" value=\"\" \/><\/p><p class='  first_form  form_element form_fullwidth' id='element_avia_3_1'><label for=\"avia_3_1\" class=\"textare_label hidden textare_label_avia_3_1\">Message <abbr class=\"required\" title=\"required\">*<\/abbr><\/label><textarea  name=\"avia_3_1\" class=\"text_area is_empty\" cols=\"40\" rows=\"7\" id=\"avia_3_1\" ><\/textarea><\/p><p class=\"hidden\"><input type=\"text\" name=\"avia_4_1\" class=\"hidden \" id=\"avia_4_1\" value=\"\" \/><\/p><p class='   form_element form_fullwidth' id='element_avia_5_1'><span class='value_verifier_label'>4 + 0 = ?<\/span><input name=\"avia_5_1_verifier\" type=\"hidden\" id=\"avia_5_1_verifier\" value=\"843477171\"\/><label for=\"avia_5_1\">Please prove that you are human by solving the equation <abbr class=\"required\" title=\"required\">*<\/abbr><\/label><input name=\"avia_5_1\" class=\"text_input captcha\" type=\"text\" id=\"avia_5_1\" value=\"\"\/><\/p><p class=\"form_element \"><input type=\"hidden\" value=\"1\" name=\"avia_generated_form1\" \/><input type=\"submit\" value=\"Send\" class=\"button\"  data-sending-label=\"Sending\"\/><\/p><\/fieldset><\/form><div id=\"ajaxresponse_1\" class=\"ajaxresponse ajaxresponse_1 hidden\"><\/div><\/div>\n\n<\/div><\/div><\/div><!-- close content main div --><\/div><\/div>\n<style type=\"text\/css\" data-created_by=\"avia_inline_auto\" id=\"style-css-av-1457ud8-b4d6796f5cb9471696967a5b0f3bbbe0\">\n.avia-section.av-1457ud8-b4d6796f5cb9471696967a5b0f3bbbe0{\nbackground-color:#222222;\n}\n<\/style>\n<div id='av_section_3'  class='avia-section av-1457ud8-b4d6796f5cb9471696967a5b0f3bbbe0 main_color avia-section-huge avia-no-border-styling  avia-builder-el-9  el_after_av_section  el_before_av_section  avia-bg-style-scroll container_wrap sidebar_right'  ><div class='container av-section-cont-open' ><div class='template-page content  av-content-small alpha units'><div class='post-entry post-entry-type-page post-entry-11068'><div class='entry-content-wrapper clearfix'>\n<div class='flex_column av-ar2k6n0-11f9275289d61e72e0df88f99bfd5e09 av_one_fifth  avia-builder-el-10  el_before_av_three_fifth  avia-builder-el-first  first flex_column_div '   ><\/div><div class='flex_column av-a93kfjw-91fb69661bf868ae94ca6f3a667fb685 av_three_fifth  avia-builder-el-11  el_after_av_one_fifth  el_before_av_one_fifth  flex_column_div '   ><section  class='av_textblock_section av-a2dsasc-82b311649151f9d51b91f11f21cfaf92'  itemscope=\"itemscope\" itemtype=\"https:\/\/schema.org\/CreativeWork\" ><div class='avia_textblock'  itemprop=\"text\" ><h2 style=\"text-align: center;color: white;margin-bottom: 40px\">Follow us<br \/>\nand stay up to date<\/h2>\n<\/div><\/section><br \/>\n<\/p><\/div><div class='flex_column av-91ytxvg-baf0c94eaebb4ef485d0afe89b496e88 av_one_fifth  avia-builder-el-14  el_after_av_three_fifth  avia-builder-el-last  flex_column_div '   ><\/div>\n\n<\/div><\/div><\/div><!-- close content main div --><\/div><\/div><div id='jobs'  class='avia-section av-8kfhvzw-52c19dc4ff6ab704a4023af3c842c09a main_color avia-section-large avia-no-border-styling  avia-builder-el-15  el_after_av_section  el_before_av_section  avia-bg-style-scroll container_wrap sidebar_right'  ><div class='container av-section-cont-open' ><div class='template-page content  av-content-small alpha units'><div class='post-entry post-entry-type-page post-entry-11068'><div class='entry-content-wrapper clearfix'>\n<div class='flex_column av-7xgvnp8-f6b6481589a389d7f1137fa1dd92857e av_one_full  avia-builder-el-16  avia-builder-el-no-sibling  first flex_column_div '   ><section  class='av_textblock_section av-7h3myak-0a40ae51f3efee444b813f665a314a3d'  itemscope=\"itemscope\" itemtype=\"https:\/\/schema.org\/CreativeWork\" ><div class='avia_textblock'  itemprop=\"text\" ><h2>Jobs<\/h2>\n<\/div><\/section><br \/>\n\n<style type=\"text\/css\" data-created_by=\"avia_inline_auto\" id=\"style-css-av-7cedf0c-4a3e6555e8c141305592c8c6fd7af9dd\">\n#top .hr.hr-invisible.av-7cedf0c-4a3e6555e8c141305592c8c6fd7af9dd{\nheight:50px;\n}\n<\/style>\n<div  class='hr av-7cedf0c-4a3e6555e8c141305592c8c6fd7af9dd hr-invisible  avia-builder-el-18  el_after_av_textblock  avia-builder-el-last '><span class='hr-inner '><span class=\"hr-inner-style\"><\/span><\/span><\/div><\/p><\/div><\/div><\/div><\/div><!-- close content main div --><\/div><\/div><div id='av_section_5'  class='avia-section av-6eluen0-3041b8f7647bce9acc0ccdc93b40d6c3 main_color avia-section-large avia-no-border-styling  avia-builder-el-19  el_after_av_section  avia-builder-el-last  avia-bg-style-scroll container_wrap sidebar_right'  ><div class='container av-section-cont-open' ><div class='template-page content  av-content-small alpha units'><div class='post-entry post-entry-type-page post-entry-11068'><div class='entry-content-wrapper clearfix'>\n<div class='flex_column av-5vhngho-819049e691e636910ccfec94841631e8 av_one_full  avia-builder-el-20  el_before_av_three_fifth  avia-builder-el-first  first flex_column_div '   ><section  class='av_textblock_section av-5alc4ho-2fcf4a55768249451cb2539d2287052b'  itemscope=\"itemscope\" itemtype=\"https:\/\/schema.org\/CreativeWork\" ><div class='avia_textblock'  itemprop=\"text\" ><h2>Partnerhochschulen<\/h2>\n<\/div><\/section><br \/>\n\n<style type=\"text\/css\" data-created_by=\"avia_inline_auto\" id=\"style-css-av-4wwhhx8-b2eccea63428edcac6975e9e2dcbc09b\">\n#top .hr.hr-invisible.av-4wwhhx8-b2eccea63428edcac6975e9e2dcbc09b{\nheight:50px;\n}\n<\/style>\n<div  class='hr av-4wwhhx8-b2eccea63428edcac6975e9e2dcbc09b hr-invisible  avia-builder-el-22  el_after_av_textblock  avia-builder-el-last '><span class='hr-inner '><span class=\"hr-inner-style\"><\/span><\/span><\/div><\/p><\/div><div class='flex_column av-4etqpq4-690d4065945d0d5f79e0c3993e862749 av_three_fifth  avia-builder-el-23  el_after_av_one_full  el_before_av_two_fifth  first flex_column_div column-top-margin'   ><section  class='av_textblock_section av-3znhi70-36396d6aa84861aeff64de7625d20621'  itemscope=\"itemscope\" itemtype=\"https:\/\/schema.org\/CreativeWork\" ><div class='avia_textblock'  itemprop=\"text\" ><h3>IST-Hochschule<\/h3>\n<p>Unter dem Motto \u201eBildung, die bewegt\u201c bietet das IST-Studieninstitut seit mehr als 30 Jahren berufsbegleitende Weiterbildungen in Form des staatlich zugelassenen Fernunterrichts an. Zur Wahl steht eine Vielzahl an beruflichen Qualifikationen aus den Fachbereichen \u201eSport &amp; Management\u201c, \u201eTourismus &amp; Hospitality\u201c, \u201eFitness\u201c, \u201eGesundheit &amp; Wellness\u201c sowie \u201eKommunikation &amp; Wirtschaft\u201c. Die angebotenen Abschl\u00fcsse reichen von Trainingslizenzen \u00fcber IST-Diplome bis hin zu \u00f6ffentlich-rechtlichen IHK-Fachwirt-Abschl\u00fcssen.<\/p>\n<p>Entsprechende Hochschulqualifikationen k\u00f6nnen an der IST-Hochschule f\u00fcr Management erworben werden. Die Fernstudieng\u00e4nge eignen sich sowohl f\u00fcr Schulabg\u00e4nger, die einen beruflichen Einstieg in die jeweilige Branche anstreben, als auch f\u00fcr Personen, die bereits \u00fcber Berufserfahrung verf\u00fcgen und den n\u00e4chsten Karriereschritt vorbereiten m\u00f6chten. Alle Angebote zeichnen sich aus durch hohe Flexibilit\u00e4t, moderne Wissensvermittlung und ausgepr\u00e4gten Praxisbezug aus.<\/p>\n<p>Die Studierenden profitieren beim IST von aktuellem und praxisnahem Fachwissen, von anerkannten Abschl\u00fcssen, erfahrenen Dozenten aus der Berufspraxis und einer kompetenten und pers\u00f6nlichen Betreuung.<\/p>\n<\/div><\/section><\/div><div class='flex_column av-cqv0gs-3babf965a7ec97a0444c280824c948cb av_two_fifth  avia-builder-el-25  el_after_av_three_fifth  el_before_av_hr  flex_column_div column-top-margin'   ><style type=\"text\/css\" data-created_by=\"avia_inline_auto\" id=\"style-css-av-2z8h04c-49e640052945b9618327d166036c4c2c\">\n.avia-image-container.av-2z8h04c-49e640052945b9618327d166036c4c2c .av-image-caption-overlay-center{\ncolor:#ffffff;\n}\n<\/style>\n<div  class='avia-image-container av-2z8h04c-49e640052945b9618327d166036c4c2c av-styling- avia-align-center  avia-builder-el-26  avia-builder-el-no-sibling '  itemprop=\"image\" itemscope=\"itemscope\" itemtype=\"https:\/\/schema.org\/ImageObject\" ><div class=\"avia-image-container-inner\"><div class=\"avia-image-overlay-wrap\"><a href=\"https:\/\/www.ist-hochschule.de\/\" class='avia_image' target=\"_blank\" rel=\"noopener noreferrer\"><img class='wp-image-10882 avia-img-lazy-loading-not-10882 avia_image' src=\"https:\/\/www.planb-event.com\/wp-content\/uploads\/2020\/01\/Logo_IST_Hochschule_ohneZusatz.jpg\" alt='' title='IST_Hochschule_10_mitDreieck_Aeonis'  height=\"185\" width=\"610\"  itemprop=\"thumbnailUrl\" srcset=\"https:\/\/www.planb-event.com\/wp-content\/uploads\/2020\/01\/Logo_IST_Hochschule_ohneZusatz.jpg 610w, https:\/\/www.planb-event.com\/wp-content\/uploads\/2020\/01\/Logo_IST_Hochschule_ohneZusatz-300x91.jpg 300w, https:\/\/www.planb-event.com\/wp-content\/uploads\/2020\/01\/Logo_IST_Hochschule_ohneZusatz-450x136.jpg 450w\" sizes=\"(max-width: 610px) 100vw, 610px\" \/><\/a><\/div><\/div><\/div><\/div>\n<style type=\"text\/css\" data-created_by=\"avia_inline_auto\" id=\"style-css-av-2hfo5q4-3c339800a23ee052a96fadc02d2cb497\">\n#top .hr.hr-invisible.av-2hfo5q4-3c339800a23ee052a96fadc02d2cb497{\nheight:50px;\n}\n<\/style>\n<div  class='hr av-2hfo5q4-3c339800a23ee052a96fadc02d2cb497 hr-invisible  avia-builder-el-27  el_after_av_two_fifth  el_before_av_three_fifth '><span class='hr-inner '><span class=\"hr-inner-style\"><\/span><\/span><\/div>\n<div class='flex_column av-7hy67w-5d3140c56871d008d030085649edecaa av_three_fifth  avia-builder-el-28  el_after_av_hr  el_before_av_two_fifth  first flex_column_div '   ><section  class='av_textblock_section av-1gvprbw-de88120d186ea19eae97e352dcef9516'  itemscope=\"itemscope\" itemtype=\"https:\/\/schema.org\/CreativeWork\" ><div class='avia_textblock'  itemprop=\"text\" ><h3>Hochschule<br \/>\nf\u00fcr angewandtes<br \/>\nManagement (HAM)<\/h3>\n<p>Die Hochschule f\u00fcr angewandtes Management (HAM) ist eine private und staatlich anerkannte Hochschule mit Sitz in Ismaning und Studienzentren in Unna, Treuchtlingen, Neumarkt, Hamburg und Berlin. Sie wurde 2004 gegr\u00fcndet und ist mit \u00fcber 2.800 Studierenden die gr\u00f6\u00dfte private Hochschule Bayerns. Das innovative, semi-virtuelle Studienkonzept der Hochschule erlaubt eine optimale Vereinbarkeit der Hochschulausbildung mit Beruf, Leistungssport, Familie und Freizeitaktivit\u00e4ten.<\/p>\n<\/div><\/section><\/div><div class='flex_column av-1btpjp8-46df2799ecd45666b4619c21caf87ab2 av_two_fifth  avia-builder-el-30  el_after_av_three_fifth  avia-builder-el-last  flex_column_div '   ><style type=\"text\/css\" data-created_by=\"avia_inline_auto\" id=\"style-css-av-wq92po-7c05cbd09ff05c36a48cca8251a14ae5\">\n.avia-image-container.av-wq92po-7c05cbd09ff05c36a48cca8251a14ae5 .av-image-caption-overlay-center{\ncolor:#ffffff;\n}\n<\/style>\n<div  class='avia-image-container av-wq92po-7c05cbd09ff05c36a48cca8251a14ae5 av-styling- avia-align-center  avia-builder-el-31  avia-builder-el-no-sibling '  itemprop=\"image\" itemscope=\"itemscope\" itemtype=\"https:\/\/schema.org\/ImageObject\" ><div class=\"avia-image-container-inner\"><div class=\"avia-image-overlay-wrap\"><a href=\"https:\/\/www.fham.de\/\" class='avia_image' target=\"_blank\" rel=\"noopener noreferrer\"><img class='wp-image-10708 avia-img-lazy-loading-not-10708 avia_image' src=\"https:\/\/www.planb-event.com\/wp-content\/uploads\/2018\/07\/HAM_Logo-845x684.jpg\" alt='' title='HAM_Logo'  height=\"684\" width=\"845\"  itemprop=\"thumbnailUrl\" srcset=\"https:\/\/www.planb-event.com\/wp-content\/uploads\/2018\/07\/HAM_Logo-845x684.jpg 845w, https:\/\/www.planb-event.com\/wp-content\/uploads\/2018\/07\/HAM_Logo-495x400.jpg 495w\" sizes=\"(max-width: 845px) 100vw, 845px\" \/><\/a><\/div><\/div><\/div><\/div>\n<\/div><\/div><\/div><!-- close content main div --><\/div><\/div><div id='after_section_5'  class='main_color av_default_container_wrap container_wrap sidebar_right'  ><div class='container av-section-cont-open' ><div class='template-page content  av-content-small alpha units'><div class='post-entry post-entry-type-page post-entry-11068'><div class='entry-content-wrapper clearfix'><\/p>\n","protected":false},"excerpt":{"rendered":"","protected":false},"author":21,"featured_media":0,"parent":0,"menu_order":0,"comment_status":"closed","ping_status":"closed","template":"","meta":[],"yoast_head":"<!-- This site is optimized with the Yoast SEO plugin v18.0 - https:\/\/yoast.com\/wordpress\/plugins\/seo\/ -->\n<title>Contact - PlanB<\/title>\n<meta name=\"robots\" content=\"index, follow, max-snippet:-1, max-image-preview:large, max-video-preview:-1\" \/>\n<link rel=\"canonical\" href=\"https:\/\/www.planb-event.com\/en\/contact\/\" \/>\n<meta property=\"og:locale\" content=\"en_US\" \/>\n<meta property=\"og:type\" content=\"article\" \/>\n<meta property=\"og:title\" content=\"Contact - PlanB\" \/>\n<meta property=\"og:url\" content=\"https:\/\/www.planb-event.com\/en\/contact\/\" \/>\n<meta property=\"og:site_name\" content=\"PlanB\" \/>\n<meta property=\"article:publisher\" content=\"https:\/\/www.facebook.com\/planbeventcompanygmbh\" \/>\n<meta property=\"article:modified_time\" content=\"2023-10-20T06:50:11+00:00\" \/>\n<meta name=\"twitter:card\" content=\"summary_large_image\" \/>\n<meta name=\"twitter:label1\" content=\"Est. reading time\" \/>\n\t<meta name=\"twitter:data1\" content=\"10 minutes\" \/>\n<script type=\"application\/ld+json\" class=\"yoast-schema-graph\">{\"@context\":\"https:\/\/schema.org\",\"@graph\":[{\"@type\":\"Organization\",\"@id\":\"https:\/\/www.planb-event.com\/#organization\",\"name\":\"PLAN B event company GmbH\",\"url\":\"https:\/\/www.planb-event.com\/\",\"sameAs\":[\"https:\/\/www.facebook.com\/planbeventcompanygmbh\",\"https:\/\/www.instagram.com\/planb_event_company\/\",\"https:\/\/www.linkedin.com\/company\/8800179\/admin\/\",\"https:\/\/www.youtube.com\/channel\/UCYShMw8ciUuHizgnxDHQqhw\"],\"logo\":{\"@type\":\"ImageObject\",\"@id\":\"https:\/\/www.planb-event.com\/#logo\",\"inLanguage\":\"en-US\",\"url\":\"https:\/\/www.planb-event.com\/wp-content\/uploads\/2020\/10\/PLANBwin-win3.png\",\"contentUrl\":\"https:\/\/www.planb-event.com\/wp-content\/uploads\/2020\/10\/PLANBwin-win3.png\",\"width\":991,\"height\":340,\"caption\":\"PLAN B event company GmbH\"},\"image\":{\"@id\":\"https:\/\/www.planb-event.com\/#logo\"}},{\"@type\":\"WebSite\",\"@id\":\"https:\/\/www.planb-event.com\/#website\",\"url\":\"https:\/\/www.planb-event.com\/\",\"name\":\"PLAN B event company GmbH\",\"description\":\"PLAN B event company GmbH\",\"publisher\":{\"@id\":\"https:\/\/www.planb-event.com\/#organization\"},\"potentialAction\":[{\"@type\":\"SearchAction\",\"target\":{\"@type\":\"EntryPoint\",\"urlTemplate\":\"https:\/\/www.planb-event.com\/?s={search_term_string}\"},\"query-input\":\"required name=search_term_string\"}],\"inLanguage\":\"en-US\"},{\"@type\":\"WebPage\",\"@id\":\"https:\/\/www.planb-event.com\/en\/contact\/#webpage\",\"url\":\"https:\/\/www.planb-event.com\/en\/contact\/\",\"name\":\"Contact - PlanB\",\"isPartOf\":{\"@id\":\"https:\/\/www.planb-event.com\/#website\"},\"datePublished\":\"2022-11-07T17:40:07+00:00\",\"dateModified\":\"2023-10-20T06:50:11+00:00\",\"breadcrumb\":{\"@id\":\"https:\/\/www.planb-event.com\/en\/contact\/#breadcrumb\"},\"inLanguage\":\"en-US\",\"potentialAction\":[{\"@type\":\"ReadAction\",\"target\":[\"https:\/\/www.planb-event.com\/en\/contact\/\"]}]},{\"@type\":\"BreadcrumbList\",\"@id\":\"https:\/\/www.planb-event.com\/en\/contact\/#breadcrumb\",\"itemListElement\":[{\"@type\":\"ListItem\",\"position\":1,\"name\":\"Startseite\",\"item\":\"https:\/\/www.planb-event.com\/en\/home\/\"},{\"@type\":\"ListItem\",\"position\":2,\"name\":\"Contact\"}]}]}<\/script>\n<!-- \/ Yoast SEO plugin. -->","yoast_head_json":{"title":"Contact - PlanB","robots":{"index":"index","follow":"follow","max-snippet":"max-snippet:-1","max-image-preview":"max-image-preview:large","max-video-preview":"max-video-preview:-1"},"canonical":"https:\/\/www.planb-event.com\/en\/contact\/","og_locale":"en_US","og_type":"article","og_title":"Contact - PlanB","og_url":"https:\/\/www.planb-event.com\/en\/contact\/","og_site_name":"PlanB","article_publisher":"https:\/\/www.facebook.com\/planbeventcompanygmbh","article_modified_time":"2023-10-20T06:50:11+00:00","twitter_card":"summary_large_image","twitter_misc":{"Est. reading time":"10 minutes"},"schema":{"@context":"https:\/\/schema.org","@graph":[{"@type":"Organization","@id":"https:\/\/www.planb-event.com\/#organization","name":"PLAN B event company GmbH","url":"https:\/\/www.planb-event.com\/","sameAs":["https:\/\/www.facebook.com\/planbeventcompanygmbh","https:\/\/www.instagram.com\/planb_event_company\/","https:\/\/www.linkedin.com\/company\/8800179\/admin\/","https:\/\/www.youtube.com\/channel\/UCYShMw8ciUuHizgnxDHQqhw"],"logo":{"@type":"ImageObject","@id":"https:\/\/www.planb-event.com\/#logo","inLanguage":"en-US","url":"https:\/\/www.planb-event.com\/wp-content\/uploads\/2020\/10\/PLANBwin-win3.png","contentUrl":"https:\/\/www.planb-event.com\/wp-content\/uploads\/2020\/10\/PLANBwin-win3.png","width":991,"height":340,"caption":"PLAN B event company GmbH"},"image":{"@id":"https:\/\/www.planb-event.com\/#logo"}},{"@type":"WebSite","@id":"https:\/\/www.planb-event.com\/#website","url":"https:\/\/www.planb-event.com\/","name":"PLAN B event company GmbH","description":"PLAN B event company GmbH","publisher":{"@id":"https:\/\/www.planb-event.com\/#organization"},"potentialAction":[{"@type":"SearchAction","target":{"@type":"EntryPoint","urlTemplate":"https:\/\/www.planb-event.com\/?s={search_term_string}"},"query-input":"required name=search_term_string"}],"inLanguage":"en-US"},{"@type":"WebPage","@id":"https:\/\/www.planb-event.com\/en\/contact\/#webpage","url":"https:\/\/www.planb-event.com\/en\/contact\/","name":"Contact - PlanB","isPartOf":{"@id":"https:\/\/www.planb-event.com\/#website"},"datePublished":"2022-11-07T17:40:07+00:00","dateModified":"2023-10-20T06:50:11+00:00","breadcrumb":{"@id":"https:\/\/www.planb-event.com\/en\/contact\/#breadcrumb"},"inLanguage":"en-US","potentialAction":[{"@type":"ReadAction","target":["https:\/\/www.planb-event.com\/en\/contact\/"]}]},{"@type":"BreadcrumbList","@id":"https:\/\/www.planb-event.com\/en\/contact\/#breadcrumb","itemListElement":[{"@type":"ListItem","position":1,"name":"Startseite","item":"https:\/\/www.planb-event.com\/en\/home\/"},{"@type":"ListItem","position":2,"name":"Contact"}]}]}},"_links":{"self":[{"href":"https:\/\/www.planb-event.com\/en\/wp-json\/wp\/v2\/pages\/11068"}],"collection":[{"href":"https:\/\/www.planb-event.com\/en\/wp-json\/wp\/v2\/pages"}],"about":[{"href":"https:\/\/www.planb-event.com\/en\/wp-json\/wp\/v2\/types\/page"}],"author":[{"embeddable":true,"href":"https:\/\/www.planb-event.com\/en\/wp-json\/wp\/v2\/users\/21"}],"replies":[{"embeddable":true,"href":"https:\/\/www.planb-event.com\/en\/wp-json\/wp\/v2\/comments?post=11068"}],"version-history":[{"count":5,"href":"https:\/\/www.planb-event.com\/en\/wp-json\/wp\/v2\/pages\/11068\/revisions"}],"predecessor-version":[{"id":11401,"href":"https:\/\/www.planb-event.com\/en\/wp-json\/wp\/v2\/pages\/11068\/revisions\/11401"}],"wp:attachment":[{"href":"https:\/\/www.planb-event.com\/en\/wp-json\/wp\/v2\/media?parent=11068"}],"curies":[{"name":"wp","href":"https:\/\/api.w.org\/{rel}","templated":true}]}}